{"id":251,"date":"2016-03-02T23:05:21","date_gmt":"2016-03-02T23:05:21","guid":{"rendered":"http:\/\/hotelvorsen.alfoweb.com\/fr\/?page_id=251"},"modified":"2016-03-26T11:49:29","modified_gmt":"2016-03-26T10:49:29","slug":"evenements","status":"publish","type":"page","link":"https:\/\/hotelvorsen.be\/fr\/evenements\/","title":{"rendered":"Ev\u00e9nements"},"content":{"rendered":"<p>S\u00c9MINAIRES \/ CONF\u00c9RENCES \/ R\u00c9UNIONS FESTIVES (soci\u00e9t\u00e9s, associations, organisations professionnelles, \u2026)<\/p>\n<p>F\u00caTES DE FAMILLE (anniversaires, communions, No\u00ebl, Nouvel-An, \u2026)<\/p>\n<p>ASSEMBL\u00c9ES G\u00c9N\u00c9RALES \/ CONF\u00c9RENCES-DEBAT \/ VISITE DE JARDINS (associations, services-clubs, groupes d&#8217;activit\u00e9s, soci\u00e9t\u00e9s litt\u00e9raires, \u2026)<\/p>\n<p>Rez-de-Chauss\u00e9e\u00a0:<\/p>\n<p>Succession de deux salons (43m2), grande orangerie (70 m2) orient\u00e9e plein sud et pouvant accueillir 60 couverts.<\/p>\n<p>Dehors, grande terrasse (110 m2) avec vue sur les topiaires, les mixed-borders et l&#8217;\u00e9glise du village. Deux cuisines (23m2) et\u00a0deux chambres froides (12,50m2).<\/p>\n<p>Libre de traiteurs.<\/p>\n<p>Location du rez-de-chauss\u00e9e\u00a0: 420\u20ac\/jour<\/p>\n<p><strong>&gt;\u00a0<a href=\"\/fr\/contact\">Contactez-nous<\/a><\/strong><\/p>\n","protected":false},"excerpt":{"rendered":"<p>S\u00c9MINAIRES \/ CONF\u00c9RENCES \/ R\u00c9UNIONS FESTIVES (soci\u00e9t\u00e9s, associations, organisations professionnelles, \u2026) F\u00caTES DE FAMILLE (anniversaires, communions, No\u00ebl, Nouvel-An, \u2026) ASSEMBL\u00c9ES G\u00c9N\u00c9RALES \/ CONF\u00c9RENCES-DEBAT \/ VISITE DE JARDINS (associations, services-clubs, groupes d&#8217;activit\u00e9s, soci\u00e9t\u00e9s litt\u00e9raires, \u2026) Rez-de-Chauss\u00e9e\u00a0: Succession de deux salons (43m2), grande orangerie (70 m2) orient\u00e9e plein sud et pouvant accueillir 60 couverts. Dehors, grande terrasse&#8230; <\/p>\n<div class=\"clear\"><\/div>\n<p><a href=\"https:\/\/hotelvorsen.be\/fr\/evenements\/\" class=\"excerpt-read-more\">Continue Reading<i class=\"fa fa-long-arrow-right icon-long-arrow-right\"><\/i><\/a><\/p>\n","protected":false},"author":1,"featured_media":0,"parent":0,"menu_order":0,"comment_status":"closed","ping_status":"closed","template":"","meta":{"footnotes":""},"class_list":["post-251","page","type-page","status-publish","hentry"],"_links":{"self":[{"href":"https:\/\/hotelvorsen.be\/fr\/wp-json\/wp\/v2\/pages\/251","targetHints":{"allow":["GET"]}}],"collection":[{"href":"https:\/\/hotelvorsen.be\/fr\/wp-json\/wp\/v2\/pages"}],"about":[{"href":"https:\/\/hotelvorsen.be\/fr\/wp-json\/wp\/v2\/types\/page"}],"author":[{"embeddable":true,"href":"https:\/\/hotelvorsen.be\/fr\/wp-json\/wp\/v2\/users\/1"}],"replies":[{"embeddable":true,"href":"https:\/\/hotelvorsen.be\/fr\/wp-json\/wp\/v2\/comments?post=251"}],"version-history":[{"count":18,"href":"https:\/\/hotelvorsen.be\/fr\/wp-json\/wp\/v2\/pages\/251\/revisions"}],"predecessor-version":[{"id":504,"href":"https:\/\/hotelvorsen.be\/fr\/wp-json\/wp\/v2\/pages\/251\/revisions\/504"}],"wp:attachment":[{"href":"https:\/\/hotelvorsen.be\/fr\/wp-json\/wp\/v2\/media?parent=251"}],"curies":[{"name":"wp","href":"https:\/\/api.w.org\/{rel}","templated":true}]}}